{"id":61,"date":"2014-03-17T15:15:18","date_gmt":"2014-03-17T15:15:18","guid":{"rendered":"https:\/\/flexbertshoppen.se\/?post_type=product&#038;p=61"},"modified":"2025-08-13T12:27:03","modified_gmt":"2025-08-13T12:27:03","slug":"flexbert-ryggsack","status":"publish","type":"product","link":"https:\/\/flexbertshoppen.se\/?product=flexbert-ryggsack","title":{"rendered":"Flexbert Ryggs\u00e4ck"},"content":{"rendered":"<p><span style=\"font-weight: 400;\">Ryggs\u00e4cken \u00e4r producera<\/span><span style=\"font-weight: 400;\">d<\/span><span style=\"font-weight: 400;\"> med ett kraftigt fluorescerande nylontyg som \u00f6verstiger 450 kil (vilket \u00e4r riktv\u00e4rdet f\u00f6r reflextyg).<\/span><\/p>\n<p><span style=\"font-weight: 400;\">Ryggs\u00e4cken \u00e4r f\u00f6rsedd med reflexdetaljer p\u00e5 b\u00e4rremmar, i s\u00f6mmar och p\u00e5 framsidan f\u00f6r extra syn<\/span><span style=\"font-weight: 400;\">lighet<\/span><span style=\"font-weight: 400;\"> i trafiken.<\/span><\/p>\n","protected":false},"excerpt":{"rendered":"<p>Ryggs\u00e4cken \u00e4r producerad med ett kraftigt fluorescerande nylontyg som \u00f6verstiger [&hellip;]<\/p>\n","protected":false},"featured_media":1413,"comment_status":"open","ping_status":"closed","template":"","meta":[],"product_brand":[],"product_cat":[17],"product_tag":[],"class_list":{"0":"post-61","1":"product","2":"type-product","3":"status-publish","4":"has-post-thumbnail","6":"product_cat-trafiksakerhet","7":"product_shipping_class-250g","9":"first","10":"instock","11":"featured","12":"taxable","13":"shipping-taxable","14":"purchasable","15":"product-type-simple"},"yoast_head":"<!-- This site is optimized with the Yoast SEO plugin v27.4 - https:\/\/yoast.com\/product\/yoast-seo-wordpress\/ -->\n<title>Flexbert Ryggs\u00e4ck - Flexbertshoppen<\/title>\n<meta name=\"robots\" content=\"index, follow, max-snippet:-1, max-image-preview:large, max-video-preview:-1\" \/>\n<link rel=\"canonical\" href=\"https:\/\/flexbertshoppen.se\/?product=flexbert-ryggsack\" \/>\n<meta property=\"og:locale\" content=\"sv_SE\" \/>\n<meta property=\"og:type\" content=\"article\" \/>\n<meta property=\"og:title\" content=\"Flexbert Ryggs\u00e4ck - Flexbertshoppen\" \/>\n<meta property=\"og:description\" content=\"Ryggs\u00e4cken \u00e4r producerad med ett kraftigt fluorescerande nylontyg som \u00f6verstiger [&hellip;]\" \/>\n<meta property=\"og:url\" content=\"https:\/\/flexbertshoppen.se\/?product=flexbert-ryggsack\" \/>\n<meta property=\"og:site_name\" content=\"Flexbertshoppen\" \/>\n<meta property=\"article:modified_time\" content=\"2025-08-13T12:27:03+00:00\" \/>\n<meta property=\"og:image\" content=\"https:\/\/flexbertshoppen.se\/wp-content\/uploads\/2014\/03\/1.png\" \/>\n\t<meta property=\"og:image:width\" content=\"1080\" \/>\n\t<meta property=\"og:image:height\" content=\"1080\" \/>\n\t<meta property=\"og:image:type\" content=\"image\/png\" \/>\n<meta name=\"twitter:card\" content=\"summary_large_image\" \/>\n<meta name=\"twitter:label1\" content=\"Ber\u00e4knad l\u00e4stid\" \/>\n\t<meta name=\"twitter:data1\" content=\"1 minut\" \/>\n<script type=\"application\/ld+json\" class=\"yoast-schema-graph\">{\"@context\":\"https:\\\/\\\/schema.org\",\"@graph\":[{\"@type\":\"WebPage\",\"@id\":\"https:\\\/\\\/flexbertshoppen.se\\\/?product=flexbert-ryggsack\",\"url\":\"https:\\\/\\\/flexbertshoppen.se\\\/?product=flexbert-ryggsack\",\"name\":\"Flexbert Ryggs\u00e4ck - Flexbertshoppen\",\"isPartOf\":{\"@id\":\"https:\\\/\\\/flexbertshoppen.se\\\/#website\"},\"primaryImageOfPage\":{\"@id\":\"https:\\\/\\\/flexbertshoppen.se\\\/?product=flexbert-ryggsack#primaryimage\"},\"image\":{\"@id\":\"https:\\\/\\\/flexbertshoppen.se\\\/?product=flexbert-ryggsack#primaryimage\"},\"thumbnailUrl\":\"https:\\\/\\\/flexbertshoppen.se\\\/wp-content\\\/uploads\\\/2014\\\/03\\\/1.png\",\"datePublished\":\"2014-03-17T15:15:18+00:00\",\"dateModified\":\"2025-08-13T12:27:03+00:00\",\"breadcrumb\":{\"@id\":\"https:\\\/\\\/flexbertshoppen.se\\\/?product=flexbert-ryggsack#breadcrumb\"},\"inLanguage\":\"sv-SE\",\"potentialAction\":[{\"@type\":\"ReadAction\",\"target\":[\"https:\\\/\\\/flexbertshoppen.se\\\/?product=flexbert-ryggsack\"]}]},{\"@type\":\"ImageObject\",\"inLanguage\":\"sv-SE\",\"@id\":\"https:\\\/\\\/flexbertshoppen.se\\\/?product=flexbert-ryggsack#primaryimage\",\"url\":\"https:\\\/\\\/flexbertshoppen.se\\\/wp-content\\\/uploads\\\/2014\\\/03\\\/1.png\",\"contentUrl\":\"https:\\\/\\\/flexbertshoppen.se\\\/wp-content\\\/uploads\\\/2014\\\/03\\\/1.png\",\"width\":1080,\"height\":1080},{\"@type\":\"BreadcrumbList\",\"@id\":\"https:\\\/\\\/flexbertshoppen.se\\\/?product=flexbert-ryggsack#breadcrumb\",\"itemListElement\":[{\"@type\":\"ListItem\",\"position\":1,\"name\":\"Hem\",\"item\":\"https:\\\/\\\/flexbertshoppen.se\\\/\"},{\"@type\":\"ListItem\",\"position\":2,\"name\":\"Produkter\",\"item\":\"https:\\\/\\\/flexbertshoppen.se\\\/?post_type=product\"},{\"@type\":\"ListItem\",\"position\":3,\"name\":\"Flexbert Ryggs\u00e4ck\"}]},{\"@type\":\"WebSite\",\"@id\":\"https:\\\/\\\/flexbertshoppen.se\\\/#website\",\"url\":\"https:\\\/\\\/flexbertshoppen.se\\\/\",\"name\":\"Flexbertshoppen\",\"description\":\"Din butik f\u00f6r trafiks\u00e4kerhetsprodukter.\",\"potentialAction\":[{\"@type\":\"SearchAction\",\"target\":{\"@type\":\"EntryPoint\",\"urlTemplate\":\"https:\\\/\\\/flexbertshoppen.se\\\/?s={search_term_string}\"},\"query-input\":{\"@type\":\"PropertyValueSpecification\",\"valueRequired\":true,\"valueName\":\"search_term_string\"}}],\"inLanguage\":\"sv-SE\"}]}<\/script>\n<!-- \/ Yoast SEO plugin. -->","yoast_head_json":{"title":"Flexbert Ryggs\u00e4ck - Flexbertshoppen","robots":{"index":"index","follow":"follow","max-snippet":"max-snippet:-1","max-image-preview":"max-image-preview:large","max-video-preview":"max-video-preview:-1"},"canonical":"https:\/\/flexbertshoppen.se\/?product=flexbert-ryggsack","og_locale":"sv_SE","og_type":"article","og_title":"Flexbert Ryggs\u00e4ck - Flexbertshoppen","og_description":"Ryggs\u00e4cken \u00e4r producerad med ett kraftigt fluorescerande nylontyg som \u00f6verstiger [&hellip;]","og_url":"https:\/\/flexbertshoppen.se\/?product=flexbert-ryggsack","og_site_name":"Flexbertshoppen","article_modified_time":"2025-08-13T12:27:03+00:00","og_image":[{"width":1080,"height":1080,"url":"https:\/\/flexbertshoppen.se\/wp-content\/uploads\/2014\/03\/1.png","type":"image\/png"}],"twitter_card":"summary_large_image","twitter_misc":{"Ber\u00e4knad l\u00e4stid":"1 minut"},"schema":{"@context":"https:\/\/schema.org","@graph":[{"@type":"WebPage","@id":"https:\/\/flexbertshoppen.se\/?product=flexbert-ryggsack","url":"https:\/\/flexbertshoppen.se\/?product=flexbert-ryggsack","name":"Flexbert Ryggs\u00e4ck - Flexbertshoppen","isPartOf":{"@id":"https:\/\/flexbertshoppen.se\/#website"},"primaryImageOfPage":{"@id":"https:\/\/flexbertshoppen.se\/?product=flexbert-ryggsack#primaryimage"},"image":{"@id":"https:\/\/flexbertshoppen.se\/?product=flexbert-ryggsack#primaryimage"},"thumbnailUrl":"https:\/\/flexbertshoppen.se\/wp-content\/uploads\/2014\/03\/1.png","datePublished":"2014-03-17T15:15:18+00:00","dateModified":"2025-08-13T12:27:03+00:00","breadcrumb":{"@id":"https:\/\/flexbertshoppen.se\/?product=flexbert-ryggsack#breadcrumb"},"inLanguage":"sv-SE","potentialAction":[{"@type":"ReadAction","target":["https:\/\/flexbertshoppen.se\/?product=flexbert-ryggsack"]}]},{"@type":"ImageObject","inLanguage":"sv-SE","@id":"https:\/\/flexbertshoppen.se\/?product=flexbert-ryggsack#primaryimage","url":"https:\/\/flexbertshoppen.se\/wp-content\/uploads\/2014\/03\/1.png","contentUrl":"https:\/\/flexbertshoppen.se\/wp-content\/uploads\/2014\/03\/1.png","width":1080,"height":1080},{"@type":"BreadcrumbList","@id":"https:\/\/flexbertshoppen.se\/?product=flexbert-ryggsack#breadcrumb","itemListElement":[{"@type":"ListItem","position":1,"name":"Hem","item":"https:\/\/flexbertshoppen.se\/"},{"@type":"ListItem","position":2,"name":"Produkter","item":"https:\/\/flexbertshoppen.se\/?post_type=product"},{"@type":"ListItem","position":3,"name":"Flexbert Ryggs\u00e4ck"}]},{"@type":"WebSite","@id":"https:\/\/flexbertshoppen.se\/#website","url":"https:\/\/flexbertshoppen.se\/","name":"Flexbertshoppen","description":"Din butik f\u00f6r trafiks\u00e4kerhetsprodukter.","potentialAction":[{"@type":"SearchAction","target":{"@type":"EntryPoint","urlTemplate":"https:\/\/flexbertshoppen.se\/?s={search_term_string}"},"query-input":{"@type":"PropertyValueSpecification","valueRequired":true,"valueName":"search_term_string"}}],"inLanguage":"sv-SE"}]}},"_links":{"self":[{"href":"https:\/\/flexbertshoppen.se\/index.php?rest_route=\/wp\/v2\/product\/61","targetHints":{"allow":["GET"]}}],"collection":[{"href":"https:\/\/flexbertshoppen.se\/index.php?rest_route=\/wp\/v2\/product"}],"about":[{"href":"https:\/\/flexbertshoppen.se\/index.php?rest_route=\/wp\/v2\/types\/product"}],"replies":[{"embeddable":true,"href":"https:\/\/flexbertshoppen.se\/index.php?rest_route=%2Fwp%2Fv2%2Fcomments&post=61"}],"wp:featuredmedia":[{"embeddable":true,"href":"https:\/\/flexbertshoppen.se\/index.php?rest_route=\/wp\/v2\/media\/1413"}],"wp:attachment":[{"href":"https:\/\/flexbertshoppen.se\/index.php?rest_route=%2Fwp%2Fv2%2Fmedia&parent=61"}],"wp:term":[{"taxonomy":"product_brand","embeddable":true,"href":"https:\/\/flexbertshoppen.se\/index.php?rest_route=%2Fwp%2Fv2%2Fproduct_brand&post=61"},{"taxonomy":"product_cat","embeddable":true,"href":"https:\/\/flexbertshoppen.se\/index.php?rest_route=%2Fwp%2Fv2%2Fproduct_cat&post=61"},{"taxonomy":"product_tag","embeddable":true,"href":"https:\/\/flexbertshoppen.se\/index.php?rest_route=%2Fwp%2Fv2%2Fproduct_tag&post=61"}],"curies":[{"name":"wp","href":"https:\/\/api.w.org\/{rel}","templated":true}]}}