{"id":51,"date":"2014-03-17T15:23:05","date_gmt":"2014-03-17T15:23:05","guid":{"rendered":"https:\/\/flexbertshoppen.se\/?post_type=product&#038;p=51"},"modified":"2023-02-10T08:46:14","modified_gmt":"2023-02-10T08:46:14","slug":"flexbert-trafikvast","status":"publish","type":"product","link":"https:\/\/flexbertshoppen.se\/?product=flexbert-trafikvast","title":{"rendered":"Flexbert Trafikv\u00e4st"},"content":{"rendered":"<p><span style=\"font-weight: 400;\">Trafikv\u00e4sten \u00e4r producerat med ett kraftigt fluorescerande nylontyg som \u00f6verstiger 450 kil. (vilket \u00e4r riktv\u00e4rdet f\u00f6r reflextyg).<br \/>\n<\/span><span style=\"font-weight: 400;\">Trafikv\u00e4sten \u00e4r ut\u00f6ver detta Europagodk\u00e4nd enligt EN-1150 normer.<\/span><\/p>\n<p><span style=\"font-weight: 400;\"><br \/>\n<\/span>Storlekar S &amp; M f\u00f6r barn har en \u00f6ppning p\u00e5 axeln.<\/p>\n","protected":false},"excerpt":{"rendered":"<p>Trafikv\u00e4sten \u00e4r producerat med ett kraftigt fluorescerande nylontyg som \u00f6verstiger [&hellip;]<\/p>\n","protected":false},"featured_media":1417,"comment_status":"open","ping_status":"closed","template":"","meta":[],"product_brand":[],"product_cat":[17],"product_tag":[],"class_list":{"0":"post-51","1":"product","2":"type-product","3":"status-publish","4":"has-post-thumbnail","6":"product_cat-trafiksakerhet","7":"product_shipping_class-100g","9":"first","10":"instock","11":"featured","12":"taxable","13":"shipping-taxable","14":"purchasable","15":"product-type-variable"},"yoast_head":"<!-- This site is optimized with the Yoast SEO plugin v27.4 - https:\/\/yoast.com\/product\/yoast-seo-wordpress\/ -->\n<title>Flexbert Trafikv\u00e4st - Flexbertshoppen<\/title>\n<meta name=\"robots\" content=\"index, follow, max-snippet:-1, max-image-preview:large, max-video-preview:-1\" \/>\n<link rel=\"canonical\" href=\"https:\/\/flexbertshoppen.se\/?product=flexbert-trafikvast\" \/>\n<meta property=\"og:locale\" content=\"sv_SE\" \/>\n<meta property=\"og:type\" content=\"article\" \/>\n<meta property=\"og:title\" content=\"Flexbert Trafikv\u00e4st - Flexbertshoppen\" \/>\n<meta property=\"og:description\" content=\"Trafikv\u00e4sten \u00e4r producerat med ett kraftigt fluorescerande nylontyg som \u00f6verstiger [&hellip;]\" \/>\n<meta property=\"og:url\" content=\"https:\/\/flexbertshoppen.se\/?product=flexbert-trafikvast\" \/>\n<meta property=\"og:site_name\" content=\"Flexbertshoppen\" \/>\n<meta property=\"article:modified_time\" content=\"2023-02-10T08:46:14+00:00\" \/>\n<meta property=\"og:image\" content=\"https:\/\/flexbertshoppen.se\/wp-content\/uploads\/2014\/03\/3.png\" \/>\n\t<meta property=\"og:image:width\" content=\"1080\" \/>\n\t<meta property=\"og:image:height\" content=\"1080\" \/>\n\t<meta property=\"og:image:type\" content=\"image\/png\" \/>\n<meta name=\"twitter:card\" content=\"summary_large_image\" \/>\n<meta name=\"twitter:label1\" content=\"Ber\u00e4knad l\u00e4stid\" \/>\n\t<meta name=\"twitter:data1\" content=\"1 minut\" \/>\n<script type=\"application\/ld+json\" class=\"yoast-schema-graph\">{\"@context\":\"https:\\\/\\\/schema.org\",\"@graph\":[{\"@type\":\"WebPage\",\"@id\":\"https:\\\/\\\/flexbertshoppen.se\\\/?product=flexbert-trafikvast\",\"url\":\"https:\\\/\\\/flexbertshoppen.se\\\/?product=flexbert-trafikvast\",\"name\":\"Flexbert Trafikv\u00e4st - Flexbertshoppen\",\"isPartOf\":{\"@id\":\"https:\\\/\\\/flexbertshoppen.se\\\/#website\"},\"primaryImageOfPage\":{\"@id\":\"https:\\\/\\\/flexbertshoppen.se\\\/?product=flexbert-trafikvast#primaryimage\"},\"image\":{\"@id\":\"https:\\\/\\\/flexbertshoppen.se\\\/?product=flexbert-trafikvast#primaryimage\"},\"thumbnailUrl\":\"https:\\\/\\\/flexbertshoppen.se\\\/wp-content\\\/uploads\\\/2014\\\/03\\\/3.png\",\"datePublished\":\"2014-03-17T15:23:05+00:00\",\"dateModified\":\"2023-02-10T08:46:14+00:00\",\"breadcrumb\":{\"@id\":\"https:\\\/\\\/flexbertshoppen.se\\\/?product=flexbert-trafikvast#breadcrumb\"},\"inLanguage\":\"sv-SE\",\"potentialAction\":[{\"@type\":\"ReadAction\",\"target\":[\"https:\\\/\\\/flexbertshoppen.se\\\/?product=flexbert-trafikvast\"]}]},{\"@type\":\"ImageObject\",\"inLanguage\":\"sv-SE\",\"@id\":\"https:\\\/\\\/flexbertshoppen.se\\\/?product=flexbert-trafikvast#primaryimage\",\"url\":\"https:\\\/\\\/flexbertshoppen.se\\\/wp-content\\\/uploads\\\/2014\\\/03\\\/3.png\",\"contentUrl\":\"https:\\\/\\\/flexbertshoppen.se\\\/wp-content\\\/uploads\\\/2014\\\/03\\\/3.png\",\"width\":1080,\"height\":1080},{\"@type\":\"BreadcrumbList\",\"@id\":\"https:\\\/\\\/flexbertshoppen.se\\\/?product=flexbert-trafikvast#breadcrumb\",\"itemListElement\":[{\"@type\":\"ListItem\",\"position\":1,\"name\":\"Hem\",\"item\":\"https:\\\/\\\/flexbertshoppen.se\\\/\"},{\"@type\":\"ListItem\",\"position\":2,\"name\":\"Produkter\",\"item\":\"https:\\\/\\\/flexbertshoppen.se\\\/?post_type=product\"},{\"@type\":\"ListItem\",\"position\":3,\"name\":\"Flexbert Trafikv\u00e4st\"}]},{\"@type\":\"WebSite\",\"@id\":\"https:\\\/\\\/flexbertshoppen.se\\\/#website\",\"url\":\"https:\\\/\\\/flexbertshoppen.se\\\/\",\"name\":\"Flexbertshoppen\",\"description\":\"Din butik f\u00f6r trafiks\u00e4kerhetsprodukter.\",\"potentialAction\":[{\"@type\":\"SearchAction\",\"target\":{\"@type\":\"EntryPoint\",\"urlTemplate\":\"https:\\\/\\\/flexbertshoppen.se\\\/?s={search_term_string}\"},\"query-input\":{\"@type\":\"PropertyValueSpecification\",\"valueRequired\":true,\"valueName\":\"search_term_string\"}}],\"inLanguage\":\"sv-SE\"}]}<\/script>\n<!-- \/ Yoast SEO plugin. -->","yoast_head_json":{"title":"Flexbert Trafikv\u00e4st - Flexbertshoppen","robots":{"index":"index","follow":"follow","max-snippet":"max-snippet:-1","max-image-preview":"max-image-preview:large","max-video-preview":"max-video-preview:-1"},"canonical":"https:\/\/flexbertshoppen.se\/?product=flexbert-trafikvast","og_locale":"sv_SE","og_type":"article","og_title":"Flexbert Trafikv\u00e4st - Flexbertshoppen","og_description":"Trafikv\u00e4sten \u00e4r producerat med ett kraftigt fluorescerande nylontyg som \u00f6verstiger [&hellip;]","og_url":"https:\/\/flexbertshoppen.se\/?product=flexbert-trafikvast","og_site_name":"Flexbertshoppen","article_modified_time":"2023-02-10T08:46:14+00:00","og_image":[{"width":1080,"height":1080,"url":"https:\/\/flexbertshoppen.se\/wp-content\/uploads\/2014\/03\/3.png","type":"image\/png"}],"twitter_card":"summary_large_image","twitter_misc":{"Ber\u00e4knad l\u00e4stid":"1 minut"},"schema":{"@context":"https:\/\/schema.org","@graph":[{"@type":"WebPage","@id":"https:\/\/flexbertshoppen.se\/?product=flexbert-trafikvast","url":"https:\/\/flexbertshoppen.se\/?product=flexbert-trafikvast","name":"Flexbert Trafikv\u00e4st - Flexbertshoppen","isPartOf":{"@id":"https:\/\/flexbertshoppen.se\/#website"},"primaryImageOfPage":{"@id":"https:\/\/flexbertshoppen.se\/?product=flexbert-trafikvast#primaryimage"},"image":{"@id":"https:\/\/flexbertshoppen.se\/?product=flexbert-trafikvast#primaryimage"},"thumbnailUrl":"https:\/\/flexbertshoppen.se\/wp-content\/uploads\/2014\/03\/3.png","datePublished":"2014-03-17T15:23:05+00:00","dateModified":"2023-02-10T08:46:14+00:00","breadcrumb":{"@id":"https:\/\/flexbertshoppen.se\/?product=flexbert-trafikvast#breadcrumb"},"inLanguage":"sv-SE","potentialAction":[{"@type":"ReadAction","target":["https:\/\/flexbertshoppen.se\/?product=flexbert-trafikvast"]}]},{"@type":"ImageObject","inLanguage":"sv-SE","@id":"https:\/\/flexbertshoppen.se\/?product=flexbert-trafikvast#primaryimage","url":"https:\/\/flexbertshoppen.se\/wp-content\/uploads\/2014\/03\/3.png","contentUrl":"https:\/\/flexbertshoppen.se\/wp-content\/uploads\/2014\/03\/3.png","width":1080,"height":1080},{"@type":"BreadcrumbList","@id":"https:\/\/flexbertshoppen.se\/?product=flexbert-trafikvast#breadcrumb","itemListElement":[{"@type":"ListItem","position":1,"name":"Hem","item":"https:\/\/flexbertshoppen.se\/"},{"@type":"ListItem","position":2,"name":"Produkter","item":"https:\/\/flexbertshoppen.se\/?post_type=product"},{"@type":"ListItem","position":3,"name":"Flexbert Trafikv\u00e4st"}]},{"@type":"WebSite","@id":"https:\/\/flexbertshoppen.se\/#website","url":"https:\/\/flexbertshoppen.se\/","name":"Flexbertshoppen","description":"Din butik f\u00f6r trafiks\u00e4kerhetsprodukter.","potentialAction":[{"@type":"SearchAction","target":{"@type":"EntryPoint","urlTemplate":"https:\/\/flexbertshoppen.se\/?s={search_term_string}"},"query-input":{"@type":"PropertyValueSpecification","valueRequired":true,"valueName":"search_term_string"}}],"inLanguage":"sv-SE"}]}},"_links":{"self":[{"href":"https:\/\/flexbertshoppen.se\/index.php?rest_route=\/wp\/v2\/product\/51","targetHints":{"allow":["GET"]}}],"collection":[{"href":"https:\/\/flexbertshoppen.se\/index.php?rest_route=\/wp\/v2\/product"}],"about":[{"href":"https:\/\/flexbertshoppen.se\/index.php?rest_route=\/wp\/v2\/types\/product"}],"replies":[{"embeddable":true,"href":"https:\/\/flexbertshoppen.se\/index.php?rest_route=%2Fwp%2Fv2%2Fcomments&post=51"}],"wp:featuredmedia":[{"embeddable":true,"href":"https:\/\/flexbertshoppen.se\/index.php?rest_route=\/wp\/v2\/media\/1417"}],"wp:attachment":[{"href":"https:\/\/flexbertshoppen.se\/index.php?rest_route=%2Fwp%2Fv2%2Fmedia&parent=51"}],"wp:term":[{"taxonomy":"product_brand","embeddable":true,"href":"https:\/\/flexbertshoppen.se\/index.php?rest_route=%2Fwp%2Fv2%2Fproduct_brand&post=51"},{"taxonomy":"product_cat","embeddable":true,"href":"https:\/\/flexbertshoppen.se\/index.php?rest_route=%2Fwp%2Fv2%2Fproduct_cat&post=51"},{"taxonomy":"product_tag","embeddable":true,"href":"https:\/\/flexbertshoppen.se\/index.php?rest_route=%2Fwp%2Fv2%2Fproduct_tag&post=51"}],"curies":[{"name":"wp","href":"https:\/\/api.w.org\/{rel}","templated":true}]}}