{"id":1581,"date":"2022-11-15T08:52:49","date_gmt":"2022-11-15T08:52:49","guid":{"rendered":"https:\/\/flexbertshoppen.se\/?post_type=product&#038;p=1581"},"modified":"2026-04-17T10:08:00","modified_gmt":"2026-04-17T10:08:00","slug":"flexbert-klistermarke","status":"publish","type":"product","link":"https:\/\/flexbertshoppen.se\/?product=flexbert-klistermarke","title":{"rendered":"Flexbert klisterm\u00e4rke"},"content":{"rendered":"<p>V\u00e4lj mellan Flexberts klassiska figurer.<br \/>\nKlisterm\u00e4rket \u00e4r ca 9 cm.<\/p>\n<p>OBS detta \u00e4r inte en reflexprodukt.<\/p>\n","protected":false},"excerpt":{"rendered":"<p>V\u00e4lj mellan Flexberts klassiska figurer. Klisterm\u00e4rket \u00e4r ca 9 cm. [&hellip;]<\/p>\n","protected":false},"featured_media":1609,"comment_status":"closed","ping_status":"closed","template":"","meta":[],"product_brand":[],"product_cat":[19],"product_tag":[],"class_list":{"0":"post-1581","1":"product","2":"type-product","3":"status-publish","4":"has-post-thumbnail","6":"product_cat-ovrigt","7":"product_shipping_class-50g","9":"first","10":"instock","11":"taxable","12":"shipping-taxable","13":"purchasable","14":"product-type-variable"},"yoast_head":"<!-- This site is optimized with the Yoast SEO plugin v27.4 - https:\/\/yoast.com\/product\/yoast-seo-wordpress\/ -->\n<title>Flexbert klisterm\u00e4rke - Flexbertshoppen<\/title>\n<meta name=\"robots\" content=\"index, follow, max-snippet:-1, max-image-preview:large, max-video-preview:-1\" \/>\n<link rel=\"canonical\" href=\"https:\/\/flexbertshoppen.se\/?product=flexbert-klistermarke\" \/>\n<meta property=\"og:locale\" content=\"sv_SE\" \/>\n<meta property=\"og:type\" content=\"article\" \/>\n<meta property=\"og:title\" content=\"Flexbert klisterm\u00e4rke - Flexbertshoppen\" \/>\n<meta property=\"og:description\" content=\"V\u00e4lj mellan Flexberts klassiska figurer. Klisterm\u00e4rket \u00e4r ca 9 cm. [&hellip;]\" \/>\n<meta property=\"og:url\" content=\"https:\/\/flexbertshoppen.se\/?product=flexbert-klistermarke\" \/>\n<meta property=\"og:site_name\" content=\"Flexbertshoppen\" \/>\n<meta property=\"article:modified_time\" content=\"2026-04-17T10:08:00+00:00\" \/>\n<meta property=\"og:image\" content=\"https:\/\/flexbertshoppen.se\/wp-content\/uploads\/2022\/11\/Alla-figurer-hemsida.png\" \/>\n\t<meta property=\"og:image:width\" content=\"491\" \/>\n\t<meta property=\"og:image:height\" content=\"472\" \/>\n\t<meta property=\"og:image:type\" content=\"image\/png\" \/>\n<meta name=\"twitter:card\" content=\"summary_large_image\" \/>\n<meta name=\"twitter:label1\" content=\"Ber\u00e4knad l\u00e4stid\" \/>\n\t<meta name=\"twitter:data1\" content=\"1 minut\" \/>\n<script type=\"application\/ld+json\" class=\"yoast-schema-graph\">{\"@context\":\"https:\\\/\\\/schema.org\",\"@graph\":[{\"@type\":\"WebPage\",\"@id\":\"https:\\\/\\\/flexbertshoppen.se\\\/?product=flexbert-klistermarke\",\"url\":\"https:\\\/\\\/flexbertshoppen.se\\\/?product=flexbert-klistermarke\",\"name\":\"Flexbert klisterm\u00e4rke - Flexbertshoppen\",\"isPartOf\":{\"@id\":\"https:\\\/\\\/flexbertshoppen.se\\\/#website\"},\"primaryImageOfPage\":{\"@id\":\"https:\\\/\\\/flexbertshoppen.se\\\/?product=flexbert-klistermarke#primaryimage\"},\"image\":{\"@id\":\"https:\\\/\\\/flexbertshoppen.se\\\/?product=flexbert-klistermarke#primaryimage\"},\"thumbnailUrl\":\"https:\\\/\\\/flexbertshoppen.se\\\/wp-content\\\/uploads\\\/2022\\\/11\\\/Alla-figurer-hemsida.png\",\"datePublished\":\"2022-11-15T08:52:49+00:00\",\"dateModified\":\"2026-04-17T10:08:00+00:00\",\"breadcrumb\":{\"@id\":\"https:\\\/\\\/flexbertshoppen.se\\\/?product=flexbert-klistermarke#breadcrumb\"},\"inLanguage\":\"sv-SE\",\"potentialAction\":[{\"@type\":\"ReadAction\",\"target\":[\"https:\\\/\\\/flexbertshoppen.se\\\/?product=flexbert-klistermarke\"]}]},{\"@type\":\"ImageObject\",\"inLanguage\":\"sv-SE\",\"@id\":\"https:\\\/\\\/flexbertshoppen.se\\\/?product=flexbert-klistermarke#primaryimage\",\"url\":\"https:\\\/\\\/flexbertshoppen.se\\\/wp-content\\\/uploads\\\/2022\\\/11\\\/Alla-figurer-hemsida.png\",\"contentUrl\":\"https:\\\/\\\/flexbertshoppen.se\\\/wp-content\\\/uploads\\\/2022\\\/11\\\/Alla-figurer-hemsida.png\",\"width\":491,\"height\":472},{\"@type\":\"BreadcrumbList\",\"@id\":\"https:\\\/\\\/flexbertshoppen.se\\\/?product=flexbert-klistermarke#breadcrumb\",\"itemListElement\":[{\"@type\":\"ListItem\",\"position\":1,\"name\":\"Hem\",\"item\":\"https:\\\/\\\/flexbertshoppen.se\\\/\"},{\"@type\":\"ListItem\",\"position\":2,\"name\":\"Produkter\",\"item\":\"https:\\\/\\\/flexbertshoppen.se\\\/?post_type=product\"},{\"@type\":\"ListItem\",\"position\":3,\"name\":\"Flexbert klisterm\u00e4rke\"}]},{\"@type\":\"WebSite\",\"@id\":\"https:\\\/\\\/flexbertshoppen.se\\\/#website\",\"url\":\"https:\\\/\\\/flexbertshoppen.se\\\/\",\"name\":\"Flexbertshoppen\",\"description\":\"Din butik f\u00f6r trafiks\u00e4kerhetsprodukter.\",\"potentialAction\":[{\"@type\":\"SearchAction\",\"target\":{\"@type\":\"EntryPoint\",\"urlTemplate\":\"https:\\\/\\\/flexbertshoppen.se\\\/?s={search_term_string}\"},\"query-input\":{\"@type\":\"PropertyValueSpecification\",\"valueRequired\":true,\"valueName\":\"search_term_string\"}}],\"inLanguage\":\"sv-SE\"}]}<\/script>\n<!-- \/ Yoast SEO plugin. -->","yoast_head_json":{"title":"Flexbert klisterm\u00e4rke - Flexbertshoppen","robots":{"index":"index","follow":"follow","max-snippet":"max-snippet:-1","max-image-preview":"max-image-preview:large","max-video-preview":"max-video-preview:-1"},"canonical":"https:\/\/flexbertshoppen.se\/?product=flexbert-klistermarke","og_locale":"sv_SE","og_type":"article","og_title":"Flexbert klisterm\u00e4rke - Flexbertshoppen","og_description":"V\u00e4lj mellan Flexberts klassiska figurer. Klisterm\u00e4rket \u00e4r ca 9 cm. [&hellip;]","og_url":"https:\/\/flexbertshoppen.se\/?product=flexbert-klistermarke","og_site_name":"Flexbertshoppen","article_modified_time":"2026-04-17T10:08:00+00:00","og_image":[{"width":491,"height":472,"url":"https:\/\/flexbertshoppen.se\/wp-content\/uploads\/2022\/11\/Alla-figurer-hemsida.png","type":"image\/png"}],"twitter_card":"summary_large_image","twitter_misc":{"Ber\u00e4knad l\u00e4stid":"1 minut"},"schema":{"@context":"https:\/\/schema.org","@graph":[{"@type":"WebPage","@id":"https:\/\/flexbertshoppen.se\/?product=flexbert-klistermarke","url":"https:\/\/flexbertshoppen.se\/?product=flexbert-klistermarke","name":"Flexbert klisterm\u00e4rke - Flexbertshoppen","isPartOf":{"@id":"https:\/\/flexbertshoppen.se\/#website"},"primaryImageOfPage":{"@id":"https:\/\/flexbertshoppen.se\/?product=flexbert-klistermarke#primaryimage"},"image":{"@id":"https:\/\/flexbertshoppen.se\/?product=flexbert-klistermarke#primaryimage"},"thumbnailUrl":"https:\/\/flexbertshoppen.se\/wp-content\/uploads\/2022\/11\/Alla-figurer-hemsida.png","datePublished":"2022-11-15T08:52:49+00:00","dateModified":"2026-04-17T10:08:00+00:00","breadcrumb":{"@id":"https:\/\/flexbertshoppen.se\/?product=flexbert-klistermarke#breadcrumb"},"inLanguage":"sv-SE","potentialAction":[{"@type":"ReadAction","target":["https:\/\/flexbertshoppen.se\/?product=flexbert-klistermarke"]}]},{"@type":"ImageObject","inLanguage":"sv-SE","@id":"https:\/\/flexbertshoppen.se\/?product=flexbert-klistermarke#primaryimage","url":"https:\/\/flexbertshoppen.se\/wp-content\/uploads\/2022\/11\/Alla-figurer-hemsida.png","contentUrl":"https:\/\/flexbertshoppen.se\/wp-content\/uploads\/2022\/11\/Alla-figurer-hemsida.png","width":491,"height":472},{"@type":"BreadcrumbList","@id":"https:\/\/flexbertshoppen.se\/?product=flexbert-klistermarke#breadcrumb","itemListElement":[{"@type":"ListItem","position":1,"name":"Hem","item":"https:\/\/flexbertshoppen.se\/"},{"@type":"ListItem","position":2,"name":"Produkter","item":"https:\/\/flexbertshoppen.se\/?post_type=product"},{"@type":"ListItem","position":3,"name":"Flexbert klisterm\u00e4rke"}]},{"@type":"WebSite","@id":"https:\/\/flexbertshoppen.se\/#website","url":"https:\/\/flexbertshoppen.se\/","name":"Flexbertshoppen","description":"Din butik f\u00f6r trafiks\u00e4kerhetsprodukter.","potentialAction":[{"@type":"SearchAction","target":{"@type":"EntryPoint","urlTemplate":"https:\/\/flexbertshoppen.se\/?s={search_term_string}"},"query-input":{"@type":"PropertyValueSpecification","valueRequired":true,"valueName":"search_term_string"}}],"inLanguage":"sv-SE"}]}},"_links":{"self":[{"href":"https:\/\/flexbertshoppen.se\/index.php?rest_route=\/wp\/v2\/product\/1581","targetHints":{"allow":["GET"]}}],"collection":[{"href":"https:\/\/flexbertshoppen.se\/index.php?rest_route=\/wp\/v2\/product"}],"about":[{"href":"https:\/\/flexbertshoppen.se\/index.php?rest_route=\/wp\/v2\/types\/product"}],"replies":[{"embeddable":true,"href":"https:\/\/flexbertshoppen.se\/index.php?rest_route=%2Fwp%2Fv2%2Fcomments&post=1581"}],"wp:featuredmedia":[{"embeddable":true,"href":"https:\/\/flexbertshoppen.se\/index.php?rest_route=\/wp\/v2\/media\/1609"}],"wp:attachment":[{"href":"https:\/\/flexbertshoppen.se\/index.php?rest_route=%2Fwp%2Fv2%2Fmedia&parent=1581"}],"wp:term":[{"taxonomy":"product_brand","embeddable":true,"href":"https:\/\/flexbertshoppen.se\/index.php?rest_route=%2Fwp%2Fv2%2Fproduct_brand&post=1581"},{"taxonomy":"product_cat","embeddable":true,"href":"https:\/\/flexbertshoppen.se\/index.php?rest_route=%2Fwp%2Fv2%2Fproduct_cat&post=1581"},{"taxonomy":"product_tag","embeddable":true,"href":"https:\/\/flexbertshoppen.se\/index.php?rest_route=%2Fwp%2Fv2%2Fproduct_tag&post=1581"}],"curies":[{"name":"wp","href":"https:\/\/api.w.org\/{rel}","templated":true}]}}