{"id":109,"date":"2014-03-19T10:48:41","date_gmt":"2014-03-19T10:48:41","guid":{"rendered":"https:\/\/flexbertshoppen.se\/?post_type=product&#038;p=109"},"modified":"2022-12-22T13:02:18","modified_gmt":"2022-12-22T13:02:18","slug":"babyflex","status":"publish","type":"product","link":"https:\/\/flexbertshoppen.se\/?product=babyflex","title":{"rendered":"Flexbert Babyflex"},"content":{"rendered":"<p><span style=\"font-weight: 400;\">Barnvagns\u00f6verdrag <\/span><span style=\"font-weight: 400;\">som<\/span><span style=\"font-weight: 400;\"> passar de flesta barnvagnar och \u00e4r producerat i reflextyg.<\/span><\/p>\n<p><span style=\"font-weight: 400;\">Tyget \u00e4r <\/span><span style=\"font-weight: 400;\">ett<\/span><span style=\"font-weight: 400;\"> kraftigt fluorescerande nylontyg som \u00f6verstiger 450 kil (vilket \u00e4r riktv\u00e4rdet f\u00f6r reflextyg).<\/span><\/p>\n<p>Stor storlek. One size.<\/p>\n","protected":false},"excerpt":{"rendered":"<p>Barnvagns\u00f6verdrag som passar de flesta barnvagnar och \u00e4r producerat i [&hellip;]<\/p>\n","protected":false},"featured_media":1421,"comment_status":"open","ping_status":"closed","template":"","meta":[],"product_brand":[],"product_cat":[17],"product_tag":[],"class_list":{"0":"post-109","1":"product","2":"type-product","3":"status-publish","4":"has-post-thumbnail","6":"product_cat-trafiksakerhet","7":"product_shipping_class-250g","9":"first","10":"instock","11":"featured","12":"taxable","13":"shipping-taxable","14":"purchasable","15":"product-type-simple"},"yoast_head":"<!-- This site is optimized with the Yoast SEO plugin v27.5 - https:\/\/yoast.com\/product\/yoast-seo-wordpress\/ -->\n<title>Flexbert Babyflex - Flexbertshoppen<\/title>\n<meta name=\"robots\" content=\"index, follow, max-snippet:-1, max-image-preview:large, max-video-preview:-1\" \/>\n<link rel=\"canonical\" href=\"https:\/\/flexbertshoppen.se\/?product=babyflex\" \/>\n<meta property=\"og:locale\" content=\"sv_SE\" \/>\n<meta property=\"og:type\" content=\"article\" \/>\n<meta property=\"og:title\" content=\"Flexbert Babyflex - Flexbertshoppen\" \/>\n<meta property=\"og:description\" content=\"Barnvagns\u00f6verdrag som passar de flesta barnvagnar och \u00e4r producerat i [&hellip;]\" \/>\n<meta property=\"og:url\" content=\"https:\/\/flexbertshoppen.se\/?product=babyflex\" \/>\n<meta property=\"og:site_name\" content=\"Flexbertshoppen\" \/>\n<meta property=\"article:modified_time\" content=\"2022-12-22T13:02:18+00:00\" \/>\n<meta property=\"og:image\" content=\"https:\/\/flexbertshoppen.se\/wp-content\/uploads\/2014\/03\/7.png\" \/>\n\t<meta property=\"og:image:width\" content=\"1080\" \/>\n\t<meta property=\"og:image:height\" content=\"1080\" \/>\n\t<meta property=\"og:image:type\" content=\"image\/png\" \/>\n<meta name=\"twitter:card\" content=\"summary_large_image\" \/>\n<meta name=\"twitter:label1\" content=\"Ber\u00e4knad l\u00e4stid\" \/>\n\t<meta name=\"twitter:data1\" content=\"1 minut\" \/>\n<script type=\"application\/ld+json\" class=\"yoast-schema-graph\">{\"@context\":\"https:\\\/\\\/schema.org\",\"@graph\":[{\"@type\":\"WebPage\",\"@id\":\"https:\\\/\\\/flexbertshoppen.se\\\/?product=babyflex\",\"url\":\"https:\\\/\\\/flexbertshoppen.se\\\/?product=babyflex\",\"name\":\"Flexbert Babyflex - Flexbertshoppen\",\"isPartOf\":{\"@id\":\"https:\\\/\\\/flexbertshoppen.se\\\/#website\"},\"primaryImageOfPage\":{\"@id\":\"https:\\\/\\\/flexbertshoppen.se\\\/?product=babyflex#primaryimage\"},\"image\":{\"@id\":\"https:\\\/\\\/flexbertshoppen.se\\\/?product=babyflex#primaryimage\"},\"thumbnailUrl\":\"https:\\\/\\\/flexbertshoppen.se\\\/wp-content\\\/uploads\\\/2014\\\/03\\\/7.png\",\"datePublished\":\"2014-03-19T10:48:41+00:00\",\"dateModified\":\"2022-12-22T13:02:18+00:00\",\"breadcrumb\":{\"@id\":\"https:\\\/\\\/flexbertshoppen.se\\\/?product=babyflex#breadcrumb\"},\"inLanguage\":\"sv-SE\",\"potentialAction\":[{\"@type\":\"ReadAction\",\"target\":[\"https:\\\/\\\/flexbertshoppen.se\\\/?product=babyflex\"]}]},{\"@type\":\"ImageObject\",\"inLanguage\":\"sv-SE\",\"@id\":\"https:\\\/\\\/flexbertshoppen.se\\\/?product=babyflex#primaryimage\",\"url\":\"https:\\\/\\\/flexbertshoppen.se\\\/wp-content\\\/uploads\\\/2014\\\/03\\\/7.png\",\"contentUrl\":\"https:\\\/\\\/flexbertshoppen.se\\\/wp-content\\\/uploads\\\/2014\\\/03\\\/7.png\",\"width\":1080,\"height\":1080},{\"@type\":\"BreadcrumbList\",\"@id\":\"https:\\\/\\\/flexbertshoppen.se\\\/?product=babyflex#breadcrumb\",\"itemListElement\":[{\"@type\":\"ListItem\",\"position\":1,\"name\":\"Hem\",\"item\":\"https:\\\/\\\/flexbertshoppen.se\\\/\"},{\"@type\":\"ListItem\",\"position\":2,\"name\":\"Produkter\",\"item\":\"https:\\\/\\\/flexbertshoppen.se\\\/?post_type=product\"},{\"@type\":\"ListItem\",\"position\":3,\"name\":\"Flexbert Babyflex\"}]},{\"@type\":\"WebSite\",\"@id\":\"https:\\\/\\\/flexbertshoppen.se\\\/#website\",\"url\":\"https:\\\/\\\/flexbertshoppen.se\\\/\",\"name\":\"Flexbertshoppen\",\"description\":\"Din butik f\u00f6r trafiks\u00e4kerhetsprodukter.\",\"potentialAction\":[{\"@type\":\"SearchAction\",\"target\":{\"@type\":\"EntryPoint\",\"urlTemplate\":\"https:\\\/\\\/flexbertshoppen.se\\\/?s={search_term_string}\"},\"query-input\":{\"@type\":\"PropertyValueSpecification\",\"valueRequired\":true,\"valueName\":\"search_term_string\"}}],\"inLanguage\":\"sv-SE\"}]}<\/script>\n<!-- \/ Yoast SEO plugin. -->","yoast_head_json":{"title":"Flexbert Babyflex - Flexbertshoppen","robots":{"index":"index","follow":"follow","max-snippet":"max-snippet:-1","max-image-preview":"max-image-preview:large","max-video-preview":"max-video-preview:-1"},"canonical":"https:\/\/flexbertshoppen.se\/?product=babyflex","og_locale":"sv_SE","og_type":"article","og_title":"Flexbert Babyflex - Flexbertshoppen","og_description":"Barnvagns\u00f6verdrag som passar de flesta barnvagnar och \u00e4r producerat i [&hellip;]","og_url":"https:\/\/flexbertshoppen.se\/?product=babyflex","og_site_name":"Flexbertshoppen","article_modified_time":"2022-12-22T13:02:18+00:00","og_image":[{"width":1080,"height":1080,"url":"https:\/\/flexbertshoppen.se\/wp-content\/uploads\/2014\/03\/7.png","type":"image\/png"}],"twitter_card":"summary_large_image","twitter_misc":{"Ber\u00e4knad l\u00e4stid":"1 minut"},"schema":{"@context":"https:\/\/schema.org","@graph":[{"@type":"WebPage","@id":"https:\/\/flexbertshoppen.se\/?product=babyflex","url":"https:\/\/flexbertshoppen.se\/?product=babyflex","name":"Flexbert Babyflex - Flexbertshoppen","isPartOf":{"@id":"https:\/\/flexbertshoppen.se\/#website"},"primaryImageOfPage":{"@id":"https:\/\/flexbertshoppen.se\/?product=babyflex#primaryimage"},"image":{"@id":"https:\/\/flexbertshoppen.se\/?product=babyflex#primaryimage"},"thumbnailUrl":"https:\/\/flexbertshoppen.se\/wp-content\/uploads\/2014\/03\/7.png","datePublished":"2014-03-19T10:48:41+00:00","dateModified":"2022-12-22T13:02:18+00:00","breadcrumb":{"@id":"https:\/\/flexbertshoppen.se\/?product=babyflex#breadcrumb"},"inLanguage":"sv-SE","potentialAction":[{"@type":"ReadAction","target":["https:\/\/flexbertshoppen.se\/?product=babyflex"]}]},{"@type":"ImageObject","inLanguage":"sv-SE","@id":"https:\/\/flexbertshoppen.se\/?product=babyflex#primaryimage","url":"https:\/\/flexbertshoppen.se\/wp-content\/uploads\/2014\/03\/7.png","contentUrl":"https:\/\/flexbertshoppen.se\/wp-content\/uploads\/2014\/03\/7.png","width":1080,"height":1080},{"@type":"BreadcrumbList","@id":"https:\/\/flexbertshoppen.se\/?product=babyflex#breadcrumb","itemListElement":[{"@type":"ListItem","position":1,"name":"Hem","item":"https:\/\/flexbertshoppen.se\/"},{"@type":"ListItem","position":2,"name":"Produkter","item":"https:\/\/flexbertshoppen.se\/?post_type=product"},{"@type":"ListItem","position":3,"name":"Flexbert Babyflex"}]},{"@type":"WebSite","@id":"https:\/\/flexbertshoppen.se\/#website","url":"https:\/\/flexbertshoppen.se\/","name":"Flexbertshoppen","description":"Din butik f\u00f6r trafiks\u00e4kerhetsprodukter.","potentialAction":[{"@type":"SearchAction","target":{"@type":"EntryPoint","urlTemplate":"https:\/\/flexbertshoppen.se\/?s={search_term_string}"},"query-input":{"@type":"PropertyValueSpecification","valueRequired":true,"valueName":"search_term_string"}}],"inLanguage":"sv-SE"}]}},"_links":{"self":[{"href":"https:\/\/flexbertshoppen.se\/index.php?rest_route=\/wp\/v2\/product\/109","targetHints":{"allow":["GET"]}}],"collection":[{"href":"https:\/\/flexbertshoppen.se\/index.php?rest_route=\/wp\/v2\/product"}],"about":[{"href":"https:\/\/flexbertshoppen.se\/index.php?rest_route=\/wp\/v2\/types\/product"}],"replies":[{"embeddable":true,"href":"https:\/\/flexbertshoppen.se\/index.php?rest_route=%2Fwp%2Fv2%2Fcomments&post=109"}],"wp:featuredmedia":[{"embeddable":true,"href":"https:\/\/flexbertshoppen.se\/index.php?rest_route=\/wp\/v2\/media\/1421"}],"wp:attachment":[{"href":"https:\/\/flexbertshoppen.se\/index.php?rest_route=%2Fwp%2Fv2%2Fmedia&parent=109"}],"wp:term":[{"taxonomy":"product_brand","embeddable":true,"href":"https:\/\/flexbertshoppen.se\/index.php?rest_route=%2Fwp%2Fv2%2Fproduct_brand&post=109"},{"taxonomy":"product_cat","embeddable":true,"href":"https:\/\/flexbertshoppen.se\/index.php?rest_route=%2Fwp%2Fv2%2Fproduct_cat&post=109"},{"taxonomy":"product_tag","embeddable":true,"href":"https:\/\/flexbertshoppen.se\/index.php?rest_route=%2Fwp%2Fv2%2Fproduct_tag&post=109"}],"curies":[{"name":"wp","href":"https:\/\/api.w.org\/{rel}","templated":true}]}}