{"id":6,"date":"2014-03-12T12:14:10","date_gmt":"2014-03-12T12:14:10","guid":{"rendered":"https:\/\/flexbertshoppen.se\/?page_id=6"},"modified":"2026-04-17T10:16:57","modified_gmt":"2026-04-17T10:16:57","slug":"cart","status":"publish","type":"page","link":"https:\/\/flexbertshoppen.se\/?page_id=6","title":{"rendered":"Kundvagn"},"content":{"rendered":"<div class=\"woocommerce\"><div class=\"woocommerce-notices-wrapper\"><\/div><div class=\"wc-empty-cart-message\">\n\t<div class=\"cart-empty woocommerce-info\" role=\"status\">\n\t\tDin varukorg \u00e4r f\u00f6r n\u00e4rvarande tom.\t<\/div>\n<\/div><\/div>\n","protected":false},"excerpt":{"rendered":"","protected":false},"author":10,"featured_media":0,"parent":0,"menu_order":0,"comment_status":"closed","ping_status":"open","template":"","meta":{"footnotes":""},"class_list":["post-6","page","type-page","status-publish","hentry"],"yoast_head":"<!-- This site is optimized with the Yoast SEO plugin v27.6 - https:\/\/yoast.com\/product\/yoast-seo-wordpress\/ -->\n<title>Kundvagn - Flexbertshoppen<\/title>\n<meta name=\"robots\" content=\"index, follow, max-snippet:-1, max-image-preview:large, max-video-preview:-1\" \/>\n<link rel=\"canonical\" href=\"https:\/\/flexbertshoppen.se\/?page_id=6\" \/>\n<meta property=\"og:locale\" content=\"sv_SE\" \/>\n<meta property=\"og:type\" content=\"article\" \/>\n<meta property=\"og:title\" content=\"Kundvagn - Flexbertshoppen\" \/>\n<meta property=\"og:url\" content=\"https:\/\/flexbertshoppen.se\/?page_id=6\" \/>\n<meta property=\"og:site_name\" content=\"Flexbertshoppen\" \/>\n<meta property=\"article:modified_time\" content=\"2026-04-17T10:16:57+00:00\" \/>\n<meta name=\"twitter:card\" content=\"summary_large_image\" \/>\n<script type=\"application\/ld+json\" class=\"yoast-schema-graph\">{\"@context\":\"https:\\\/\\\/schema.org\",\"@graph\":[{\"@type\":\"WebPage\",\"@id\":\"https:\\\/\\\/flexbertshoppen.se\\\/?page_id=6\",\"url\":\"https:\\\/\\\/flexbertshoppen.se\\\/?page_id=6\",\"name\":\"Kundvagn - Flexbertshoppen\",\"isPartOf\":{\"@id\":\"https:\\\/\\\/flexbertshoppen.se\\\/#website\"},\"datePublished\":\"2014-03-12T12:14:10+00:00\",\"dateModified\":\"2026-04-17T10:16:57+00:00\",\"breadcrumb\":{\"@id\":\"https:\\\/\\\/flexbertshoppen.se\\\/?page_id=6#breadcrumb\"},\"inLanguage\":\"sv-SE\",\"potentialAction\":[{\"@type\":\"ReadAction\",\"target\":[\"https:\\\/\\\/flexbertshoppen.se\\\/?page_id=6\"]}]},{\"@type\":\"BreadcrumbList\",\"@id\":\"https:\\\/\\\/flexbertshoppen.se\\\/?page_id=6#breadcrumb\",\"itemListElement\":[{\"@type\":\"ListItem\",\"position\":1,\"name\":\"Hem\",\"item\":\"https:\\\/\\\/flexbertshoppen.se\\\/\"},{\"@type\":\"ListItem\",\"position\":2,\"name\":\"Kundvagn\"}]},{\"@type\":\"WebSite\",\"@id\":\"https:\\\/\\\/flexbertshoppen.se\\\/#website\",\"url\":\"https:\\\/\\\/flexbertshoppen.se\\\/\",\"name\":\"Flexbertshoppen\",\"description\":\"Din butik f\u00f6r trafiks\u00e4kerhetsprodukter.\",\"potentialAction\":[{\"@type\":\"SearchAction\",\"target\":{\"@type\":\"EntryPoint\",\"urlTemplate\":\"https:\\\/\\\/flexbertshoppen.se\\\/?s={search_term_string}\"},\"query-input\":{\"@type\":\"PropertyValueSpecification\",\"valueRequired\":true,\"valueName\":\"search_term_string\"}}],\"inLanguage\":\"sv-SE\"}]}<\/script>\n<!-- \/ Yoast SEO plugin. -->","yoast_head_json":{"title":"Kundvagn - Flexbertshoppen","robots":{"index":"index","follow":"follow","max-snippet":"max-snippet:-1","max-image-preview":"max-image-preview:large","max-video-preview":"max-video-preview:-1"},"canonical":"https:\/\/flexbertshoppen.se\/?page_id=6","og_locale":"sv_SE","og_type":"article","og_title":"Kundvagn - Flexbertshoppen","og_url":"https:\/\/flexbertshoppen.se\/?page_id=6","og_site_name":"Flexbertshoppen","article_modified_time":"2026-04-17T10:16:57+00:00","twitter_card":"summary_large_image","schema":{"@context":"https:\/\/schema.org","@graph":[{"@type":"WebPage","@id":"https:\/\/flexbertshoppen.se\/?page_id=6","url":"https:\/\/flexbertshoppen.se\/?page_id=6","name":"Kundvagn - Flexbertshoppen","isPartOf":{"@id":"https:\/\/flexbertshoppen.se\/#website"},"datePublished":"2014-03-12T12:14:10+00:00","dateModified":"2026-04-17T10:16:57+00:00","breadcrumb":{"@id":"https:\/\/flexbertshoppen.se\/?page_id=6#breadcrumb"},"inLanguage":"sv-SE","potentialAction":[{"@type":"ReadAction","target":["https:\/\/flexbertshoppen.se\/?page_id=6"]}]},{"@type":"BreadcrumbList","@id":"https:\/\/flexbertshoppen.se\/?page_id=6#breadcrumb","itemListElement":[{"@type":"ListItem","position":1,"name":"Hem","item":"https:\/\/flexbertshoppen.se\/"},{"@type":"ListItem","position":2,"name":"Kundvagn"}]},{"@type":"WebSite","@id":"https:\/\/flexbertshoppen.se\/#website","url":"https:\/\/flexbertshoppen.se\/","name":"Flexbertshoppen","description":"Din butik f\u00f6r trafiks\u00e4kerhetsprodukter.","potentialAction":[{"@type":"SearchAction","target":{"@type":"EntryPoint","urlTemplate":"https:\/\/flexbertshoppen.se\/?s={search_term_string}"},"query-input":{"@type":"PropertyValueSpecification","valueRequired":true,"valueName":"search_term_string"}}],"inLanguage":"sv-SE"}]}},"_links":{"self":[{"href":"https:\/\/flexbertshoppen.se\/index.php?rest_route=\/wp\/v2\/pages\/6","targetHints":{"allow":["GET"]}}],"collection":[{"href":"https:\/\/flexbertshoppen.se\/index.php?rest_route=\/wp\/v2\/pages"}],"about":[{"href":"https:\/\/flexbertshoppen.se\/index.php?rest_route=\/wp\/v2\/types\/page"}],"author":[{"embeddable":true,"href":"https:\/\/flexbertshoppen.se\/index.php?rest_route=\/wp\/v2\/users\/10"}],"replies":[{"embeddable":true,"href":"https:\/\/flexbertshoppen.se\/index.php?rest_route=%2Fwp%2Fv2%2Fcomments&post=6"}],"version-history":[{"count":21,"href":"https:\/\/flexbertshoppen.se\/index.php?rest_route=\/wp\/v2\/pages\/6\/revisions"}],"predecessor-version":[{"id":395,"href":"https:\/\/flexbertshoppen.se\/index.php?rest_route=\/wp\/v2\/pages\/6\/revisions\/395"}],"wp:attachment":[{"href":"https:\/\/flexbertshoppen.se\/index.php?rest_route=%2Fwp%2Fv2%2Fmedia&parent=6"}],"curies":[{"name":"wp","href":"https:\/\/api.w.org\/{rel}","templated":true}]}}